{"id":1311,"date":"2025-12-07T07:09:42","date_gmt":"2025-12-07T07:09:42","guid":{"rendered":"https:\/\/b-ak.com\/?page_id=1311"},"modified":"2025-12-22T15:58:49","modified_gmt":"2025-12-22T15:58:49","slug":"about","status":"publish","type":"page","link":"https:\/\/b-ak.com\/fr\/about\/","title":{"rendered":"\u00e0 propos"},"content":{"rendered":"<div class=\"wp-block-group has-global-padding is-layout-constrained wp-container-core-group-is-layout-80e270e4 wp-block-group-is-layout-constrained\" style=\"padding-right:var(--wp--preset--spacing--50);padding-left:var(--wp--preset--spacing--50)\">\n<div class=\"wp-block-columns is-layout-flex wp-container-core-columns-is-layout-28f84493 wp-block-columns-is-layout-flex\">\n<div class=\"wp-block-column is-layout-flow wp-block-column-is-layout-flow\" style=\"border-right-style:none;border-right-width:0px;flex-basis:30%\">\n<hr class=\"wp-block-separator has-text-color has-custom-green-lines-color has-alpha-channel-opacity has-custom-green-lines-background-color has-background\"\/>\n\n\n\n<p class=\"has-albert-sans-font-family\" style=\"font-size:clamp(0.875rem, 0.875rem + ((1vw - 0.2rem) * 0.529), 1.1rem);font-style:normal;font-weight:500\">Recherche | Design | Art | Enseignement<\/p>\n\n\n\n<hr class=\"wp-block-separator has-text-color has-custom-green-lines-color has-alpha-channel-opacity has-custom-green-lines-background-color has-background\"\/>\n\n\n\n<p style=\"color:#11d175;\">\n  <a href=\"\/fr\/path\/to\/cv.pdf\/\" class=\"underline has-albert-sans-font-family\" style=\"font-size:1.1rem\">cv<\/a> \u2014 \n  <a href=\"mailto:info@b-ak.com\" class=\"underline has-albert-sans-font-family\" style=\"font-size:1.1rem\">mail<\/a> \u2014\n  <a href=\"https:\/\/scholar.google.com\/citations?user=0IGsTYEAAAAJ&#038;hl=fr\" class=\"underline has-albert-sans-font-family\" style=\"font-size:1.1rem\">googlescholar<\/a> \u2014\n  <a href=\"https:\/\/www.linkedin.com\/in\/brice-ammar-khodja-684969195\/\" class=\"underline has-albert-sans-font-family\" style=\"font-size:1.1rem\">linkedin<\/a> \u2014\n  <a href=\"https:\/\/www.instagram.com\/brice.ammar.khodja\/\" class=\"underline has-albert-sans-font-family\" style=\"font-size:1.1rem\">instagram<\/a>\n<\/p>\n<\/div>\n\n\n\n<div class=\"wp-block-column is-layout-flow wp-block-column-is-layout-flow\" style=\"flex-basis:100%\">\n<div class=\"wp-block-columns is-layout-flex wp-container-core-columns-is-layout-28f84493 wp-block-columns-is-layout-flex\">\n<div class=\"wp-block-column is-layout-flow wp-block-column-is-layout-flow\" style=\"flex-basis:12.3%\"><\/div>\n\n\n\n<div class=\"wp-block-column is-layout-flow wp-block-column-is-layout-flow\" style=\"padding-top:0;flex-basis:75%\">\n<hr class=\"wp-block-separator has-text-color has-custom-green-lines-color has-alpha-channel-opacity has-custom-green-lines-background-color has-background\"\/>\n\n\n\n<p class=\"has-medium-font-size\"><strong>Brice Ammar-Khodja<\/strong> est designer et artiste plasticien. Il est docteur en design (programme SACRe \u2013 PSL, Paris, 2025) et docteur en arts visuels \/ Fine Arts (programme INDI \u2013 Universit\u00e9 Concordia, Montr\u00e9al, 2025). Il est actuellement chercheur et intervenant associ\u00e9 au laboratoire de l\u2019 <a href=\"https:\/\/www.ensadlab.fr\/\">\u00c9cole des Arts D\u00e9coratifs de Paris \u2013 Universit\u00e9 Paris, Sciences et Lettres<\/a>.<\/p>\n\n\n\n<p class=\"has-medium-font-size\">Ses recherches portent sur les dimensions esth\u00e9tiques et sensorielles des pollutions environnementales. Son travail, situ\u00e9 \u00e0 la crois\u00e9e du design de donn\u00e9es, des pratiques artistiques participatives, du design sensoriel et de l\u2019installation in situ, s\u2019int\u00e9resse aux r\u00e9gimes de visibilit\u00e9 et de perception des r\u00e9sidus et contaminants pr\u00e9sents dans les milieux p\u00e9dologiques (sols), a\u00e9riens et aquatiques. Souvent invisibilis\u00e9s par des dynamiques sociopolitiques et urbanistiques, ces ph\u00e9nom\u00e8nes n\u00e9cessitent de nouvelles formes de mat\u00e9rialisation, de sensualisation et de m\u00e9diation afin d\u2019\u00eatre appr\u00e9hend\u00e9s par les communaut\u00e9s citoyennes affect\u00e9es par ces enjeux.<\/p>\n\n\n\n<p class=\"has-medium-font-size\">Pour les rendre perceptibles, il d\u00e9veloppe des dispositifs artistiques polysensoriels, des outils participatifs et des m\u00e9thodologies d\u2019intervention en recherche-cr\u00e9ation. ll a notamment \u00e9labor\u00e9 <strong>Arch\u00e9ologie R\u00e9siduelle<\/strong>, une approche constitu\u00e9e d\u2019une s\u00e9rie de gestes artistiques et ethnographiques \u2013 marcher, collecter, activer, polysensibiliser et remat\u00e9rialiser \u2013 visant \u00e0 explorer des territoires contamin\u00e9s de mani\u00e8re sensible et perceptible, afin d\u2019activer des formes de dialogue et de d\u00e9bat critique dans la soci\u00e9t\u00e9.<\/p>\n\n\n\n<p class=\"has-medium-font-size\">Brice Ammar-Khodja enseigne le design de donn\u00e9es, le design graphique, les pratiques artistiques critiques et la m\u00e9thodologie en recherche-cr\u00e9ation. D\u00e9di\u00e9 \u00e0 la p\u00e9dagogie exp\u00e9rimentale, il con\u00e7oit \u00e9galement des ateliers et des outils destin\u00e9s au grand public afin d\u2019\u00e9largir l\u2019acc\u00e8s \u00e0 la recherche artistique.<\/p>\n\n\n\n<p class=\"has-medium-font-size\">Il a collabor\u00e9 avec de nombreux laboratoires et centres de recherche en France et au Canada, notamment <a href=\"https:\/\/centreforsensorystudies.org\/\">le Centre for Sensory Studies<\/a>, <a href=\"https:\/\/www.concordia.ca\/research\/chairs\/smart-cities.html\">la Canada Research Chair in Smart, Sustainable and Resilient Communities and Cities<\/a>, <a href=\"https:\/\/materials-materiality.ca\/\">la Concordia University Chair in Critical Practices in Materials and Materiality<\/a>, <a href=\"https:\/\/hexagram.ca\/en\/\">le r\u00e9seau de recherche-creation Hexagram<\/a>, <a href=\"https:\/\/milieux.concordia.ca\/\">le Milieux Institute for Arts, Culture and Technology<\/a>, <a href=\"https:\/\/chaire-arts-sciences.org\/\">et la Chaire art et sciences<\/a>.<\/p>\n\n\n\n<p class=\"has-medium-font-size\">Son travail a \u00e9t\u00e9 publi\u00e9 dans plusieurs revues scientifiques et conf\u00e9rences internationales, notamment Antennae Journal, Design Research Society, ISEA, Vecteur Environnement, et a \u00e9t\u00e9 expos\u00e9 \u00e0 l\u2019international, notamment \u00e0 la Biennale N\u00e9mo (Paris), au Centre culturel canadien (Paris), \u00e0 Ars Electronica (Linz), \u00e0 Perte-de-Signal (Montr\u00e9al), \u00e0 la Biennale Internationale du Design (Saint-\u00c9tienne), \u00e0 Mutek (Montr\u00e9al), \u00e0 V2_ Institute for Unstable Media (Rotterdam), au Mus\u00e9e Historique de la Ville de Strasbourg, et \u00e0 la Biennale Internationale de l\u2019Impression (Erevan).<\/p>\n<\/div>\n<\/div>\n<\/div>\n<\/div>\n<\/div>","protected":false},"excerpt":{"rendered":"<p>Research | Design | Art | Teaching cv \u2014 mail \u2014 googlescholar \u2014 linkedin \u2014 instagram Brice Ammar-Khodja is a designer and visual artist. He holds a PhD in Design (SACRe \u2013 PSL program, Paris, 2025) and a PhD in Visual Arts \/ Fine Arts (INDI program, Concordia University, Montreal, 2025). He is currently a [&hellip;]<\/p>","protected":false},"author":1,"featured_media":0,"parent":0,"menu_order":0,"comment_status":"closed","ping_status":"closed","template":"","meta":{"_eb_attr":"","footnotes":""},"class_list":["post-1311","page","type-page","status-publish","hentry"],"_links":{"self":[{"href":"https:\/\/b-ak.com\/fr\/wp-json\/wp\/v2\/pages\/1311","targetHints":{"allow":["GET"]}}],"collection":[{"href":"https:\/\/b-ak.com\/fr\/wp-json\/wp\/v2\/pages"}],"about":[{"href":"https:\/\/b-ak.com\/fr\/wp-json\/wp\/v2\/types\/page"}],"author":[{"embeddable":true,"href":"https:\/\/b-ak.com\/fr\/wp-json\/wp\/v2\/users\/1"}],"replies":[{"embeddable":true,"href":"https:\/\/b-ak.com\/fr\/wp-json\/wp\/v2\/comments?post=1311"}],"version-history":[{"count":44,"href":"https:\/\/b-ak.com\/fr\/wp-json\/wp\/v2\/pages\/1311\/revisions"}],"predecessor-version":[{"id":1407,"href":"https:\/\/b-ak.com\/fr\/wp-json\/wp\/v2\/pages\/1311\/revisions\/1407"}],"wp:attachment":[{"href":"https:\/\/b-ak.com\/fr\/wp-json\/wp\/v2\/media?parent=1311"}],"curies":[{"name":"wp","href":"https:\/\/api.w.org\/{rel}","templated":true}]}}