{"id":1582,"date":"2025-12-26T22:44:53","date_gmt":"2025-12-26T22:44:53","guid":{"rendered":"https:\/\/b-ak.com\/?page_id=1582"},"modified":"2025-12-26T23:26:18","modified_gmt":"2025-12-26T23:26:18","slug":"fossilationnurturing-slow-expectations","status":"publish","type":"page","link":"https:\/\/b-ak.com\/fr\/publications\/fossilationnurturing-slow-expectations\/","title":{"rendered":"Fossilation:\nNurturing Slow Expectations"},"content":{"rendered":"<div class=\"wp-block-group has-global-padding is-layout-constrained wp-container-core-group-is-layout-80e270e4 wp-block-group-is-layout-constrained\" style=\"padding-right:var(--wp--preset--spacing--50);padding-left:var(--wp--preset--spacing--50)\">\n<div style=\"height:18px\" aria-hidden=\"true\" class=\"wp-block-spacer\"><\/div>\n\n\n\n<hr class=\"wp-block-separator has-text-color has-alpha-channel-opacity has-background\" style=\"background-color:#12e66b;color:#12e66b\"\/>\n\n\n\n<div class=\"wp-block-group has-global-padding is-layout-constrained wp-container-core-group-is-layout-12243e0f wp-block-group-is-layout-constrained\">\n<div class=\"wp-block-columns is-layout-flex wp-container-core-columns-is-layout-9503679e wp-block-columns-is-layout-flex\">\n<div class=\"wp-block-column is-layout-flow wp-block-column-is-layout-flow\" style=\"flex-basis:30%\"><h2 style=\"text-transform:lowercase;\" class=\"has-text-align-left wp-block-post-title has-x-large-font-size\">Fossilation:\nNurturing Slow Expectations<\/h2><\/div>\n\n\n\n<div class=\"wp-block-column is-layout-flow wp-container-core-column-is-layout-0ab540ad wp-block-column-is-layout-flow\" style=\"flex-basis:100%\">\n<div class=\"wp-block-columns is-layout-flex wp-container-core-columns-is-layout-28f84493 wp-block-columns-is-layout-flex\">\n<div class=\"wp-block-column is-layout-flow wp-block-column-is-layout-flow\">\n<p class=\"has-text-align-left has-primary-color has-text-color has-link-color has-medium-font-size wp-elements-cdc4207355ffb3950891b364f9ccae11\" style=\"font-style:normal;font-weight:500\">2022<br><br>Riverside Architectural Press<\/p>\n<\/div>\n\n\n\n<div class=\"wp-block-column is-layout-flow wp-block-column-is-layout-flow\">\n<p class=\"has-text-align-left has-primary-color has-text-color has-link-color has-medium-font-size wp-elements-6111c8e38709517e9d707014c42dbeaf\" style=\"font-style:normal;font-weight:500\"><a href=\"https:\/\/livingarchitecturesystems.com\/publication\/fossilation\/\">Consulter la publication<\/a><\/p>\n<\/div>\n<\/div>\n<\/div>\n<\/div>\n<\/div>\n\n\n\n<div class=\"wp-block-group has-global-padding is-layout-constrained wp-container-core-group-is-layout-12243e0f wp-block-group-is-layout-constrained\">\n<div class=\"wp-block-columns is-layout-flex wp-container-core-columns-is-layout-5074d8d6 wp-block-columns-is-layout-flex\" style=\"margin-top:0;margin-bottom:0;padding-right:0;padding-left:0\">\n<div class=\"wp-block-column is-layout-flow wp-block-column-is-layout-flow\" style=\"border-right-style:none;border-right-width:0px;flex-basis:30%\">\n<hr class=\"wp-block-separator has-text-color has-custom-green-lines-color has-alpha-channel-opacity has-custom-green-lines-background-color has-background\"\/>\n\n\n\n<p class=\"has-custom-green-text-color has-text-color has-link-color has-small-font-size wp-elements-40a7bf08d4d9d25e48a97149a8eb5611\" style=\"font-style:normal;font-weight:500\">Fossilation, bioplastique, r\u00e9colte d'\u00e9nergie r\u00e9siduelle, bio-art, architecture?<br><\/p>\n\n\n\n<p class=\"has-albert-sans-font-family has-small-font-size\" style=\"font-style:normal;font-weight:500\">Alice Jarry (\u00e9ds.)<br>Marie-Pier Boucher (\u00e9ds.)<br>Samuel Bianchini<br>G\u00e9raldine Gomez<br>Brice Ammar-Khodja<br>Alexandra Bachmayer<br>Th\u00e9o Chauvirey<br>Maria Chekhanovich<br>Matthew Halpenny<br>Rapha\u00eblle Kerbrat<br>Vanessa Mardirossian<br>Philippe Vandal<br>Lee Wilkins<\/p>\n\n\n\n<p class=\"has-albert-sans-font-family has-small-font-size\" style=\"font-style:normal;font-weight:500\"><strong>Graphic Design<\/strong><br>Brice Ammar-Khodja<br><br><br><\/p>\n<\/div>\n\n\n\n<div class=\"wp-block-column is-layout-flow wp-block-column-is-layout-flow\" style=\"border-right-style:none;border-right-width:0px;flex-basis:100%\">\n<hr class=\"wp-block-separator has-text-color has-alpha-channel-opacity has-background\" style=\"background-color:#12e66b;color:#12e66b\"\/>\n\n\n\n<div class=\"wp-block-columns is-layout-flex wp-container-core-columns-is-layout-28f84493 wp-block-columns-is-layout-flex\">\n<div class=\"wp-block-column is-layout-flow wp-block-column-is-layout-flow\">\n<p class=\"has-medium-font-size\">Ce folio de recherche-cr\u00e9ation pr\u00e9sente le d\u00e9veloppement processuel et technique d\u2019une installation architecturale bio-inspir\u00e9e qui interroge l\u2019empreinte \u00e9cologique des images. Initialement pr\u00e9sent\u00e9e lors de l\u2019exposition \u00ab Mati\u00e8res d\u2019images \u00bb au Centre Pompidou \u00e0 Paris en 2021 (Festival Hors Pistes), <em>Fossilation<\/em> is a large suspended bioplastic membrane that repurposes food waste. The installation includes an electronic and electrical apparatus that harvests the residual energies of the museum to create fluctuating light patterns. <\/p>\n\n\n\n<p class=\"has-medium-font-size\">Les membranes sont des interfaces poreuses qui participent aux \u00e9changes m\u00e9taboliques et permettent \u2014 tout en les limitant \u2014 les circulations d\u2019information entre diff\u00e9rents syst\u00e8mes. En r\u00e9investissant les op\u00e9rations relationnelles des membranes, <em>Fossilation<\/em> nous rend plus attentifs aux origines extractivistes de nos formes contemporaines de communication et propose de nouvelles formes de coop\u00e9ration entre mat\u00e9rialit\u00e9, technologie, humains et milieux \u00e9cologiques. <\/p>\n\n\n\n<p class=\"has-medium-font-size\">La publication s\u2019organise autour de sept th\u00e9matiques cl\u00e9s li\u00e9es \u00e0 la conception de <em>Fossilation<\/em>: The Ecology of Images, Fossils, <em>Fossilation<\/em>: l\u2019\u00e9cologie des images, les fossiles, les ingr\u00e9dients de Fossilation, les bioplastiques, l\u2019architecture syst\u00e9mique pour l\u2019\u00e9nergie et la lumi\u00e8re, \u00ab cultiver une attente lente \u00bb, ainsi que la membrane comme relais. Ensemble, ces axes mettent en lumi\u00e8re les r\u00e9sonances et les contrastes entre les dimensions conceptuelles, mat\u00e9rielles, technologiques et m\u00e9thodologiques de l\u2019\u0153uvre. <\/p>\n\n\n\n<p class=\"has-medium-font-size\">En accordant une attention particuli\u00e8re aux m\u00e9thodes lentes et low-tech, ce folio examine la mani\u00e8re dont <em>Fossilation<\/em> pourrait contribuer \u00e0 l\u2019\u00e9mergence d\u2019architectures vivantes de nouvelle g\u00e9n\u00e9ration. Les auteur\u00b7rice\u00b7s concluent en partageant la recette de tarte \u00e0 l\u2019oignon du collectif <em>Fossilation<\/em> , la pissaladi\u00e8re.&nbsp;<\/p>\n<\/div>\n\n\n\n<div class=\"wp-block-column is-layout-flow wp-block-column-is-layout-flow\">\n<figure data-wp-context=\"{&quot;imageId&quot;:&quot;69d01bd0e9d0b&quot;}\" data-wp-interactive=\"core\/image\" data-wp-key=\"69d01bd0e9d0b\" class=\"wp-block-image size-full wp-lightbox-container\"><img loading=\"lazy\" decoding=\"async\" width=\"1125\" height=\"1350\" data-wp-class--hide=\"state.isContentHidden\" data-wp-class--show=\"state.isContentVisible\" data-wp-init=\"callbacks.setButtonStyles\" data-wp-on--click=\"actions.showLightbox\" data-wp-on--load=\"callbacks.setButtonStyles\" data-wp-on-window--resize=\"callbacks.setButtonStyles\" src=\"https:\/\/b-ak.com\/wp-content\/uploads\/2025\/12\/FOSSILATION-Folio-PAGE-FULL-glissees-copie-1.jpg\" alt=\"\" class=\"wp-image-1595\" srcset=\"https:\/\/b-ak.com\/wp-content\/uploads\/2025\/12\/FOSSILATION-Folio-PAGE-FULL-glissees-copie-1.jpg 1125w, https:\/\/b-ak.com\/wp-content\/uploads\/2025\/12\/FOSSILATION-Folio-PAGE-FULL-glissees-copie-1-250x300.jpg 250w, https:\/\/b-ak.com\/wp-content\/uploads\/2025\/12\/FOSSILATION-Folio-PAGE-FULL-glissees-copie-1-853x1024.jpg 853w, https:\/\/b-ak.com\/wp-content\/uploads\/2025\/12\/FOSSILATION-Folio-PAGE-FULL-glissees-copie-1-768x922.jpg 768w, https:\/\/b-ak.com\/wp-content\/uploads\/2025\/12\/FOSSILATION-Folio-PAGE-FULL-glissees-copie-1-10x12.jpg 10w\" sizes=\"auto, (max-width: 1125px) 100vw, 1125px\" \/><button\n\t\t\tclass=\"lightbox-trigger\"\n\t\t\ttype=\"button\"\n\t\t\taria-haspopup=\"dialog\"\n\t\t\taria-label=\"Agrandir\"\n\t\t\tdata-wp-init=\"callbacks.initTriggerButton\"\n\t\t\tdata-wp-on--click=\"actions.showLightbox\"\n\t\t\tdata-wp-style--right=\"state.imageButtonRight\"\n\t\t\tdata-wp-style--top=\"state.imageButtonTop\"\n\t\t>\n\t\t\t<svg xmlns=\"http:\/\/www.w3.org\/2000\/svg\" width=\"12\" height=\"12\" fill=\"none\" viewbox=\"0 0 12 12\">\n\t\t\t\t<path fill=\"#fff\" d=\"M2 0a2 2 0 0 0-2 2v2h1.5V2a.5.5 0 0 1 .5-.5h2V0H2Zm2 10.5H2a.5.5 0 0 1-.5-.5V8H0v2a2 2 0 0 0 2 2h2v-1.5ZM8 12v-1.5h2a.5.5 0 0 0 .5-.5V8H12v2a2 2 0 0 1-2 2H8Zm2-12a2 2 0 0 1 2 2v2h-1.5V2a.5.5 0 0 0-.5-.5H8V0h2Z\" \/>\n\t\t\t<\/svg>\n\t\t<\/button><\/figure>\n\n\n\n<figure data-wp-context=\"{&quot;imageId&quot;:&quot;69d01bd0ea093&quot;}\" data-wp-interactive=\"core\/image\" data-wp-key=\"69d01bd0ea093\" class=\"wp-block-image size-full wp-lightbox-container\"><img loading=\"lazy\" decoding=\"async\" width=\"1125\" height=\"1350\" data-wp-class--hide=\"state.isContentHidden\" data-wp-class--show=\"state.isContentVisible\" data-wp-init=\"callbacks.setButtonStyles\" data-wp-on--click=\"actions.showLightbox\" data-wp-on--load=\"callbacks.setButtonStyles\" data-wp-on-window--resize=\"callbacks.setButtonStyles\" src=\"https:\/\/b-ak.com\/wp-content\/uploads\/2025\/12\/FOSSILATION-Folio-PAGE-FULL-glissees-2-copie-1.jpg\" alt=\"\" class=\"wp-image-1594\" srcset=\"https:\/\/b-ak.com\/wp-content\/uploads\/2025\/12\/FOSSILATION-Folio-PAGE-FULL-glissees-2-copie-1.jpg 1125w, https:\/\/b-ak.com\/wp-content\/uploads\/2025\/12\/FOSSILATION-Folio-PAGE-FULL-glissees-2-copie-1-250x300.jpg 250w, https:\/\/b-ak.com\/wp-content\/uploads\/2025\/12\/FOSSILATION-Folio-PAGE-FULL-glissees-2-copie-1-853x1024.jpg 853w, https:\/\/b-ak.com\/wp-content\/uploads\/2025\/12\/FOSSILATION-Folio-PAGE-FULL-glissees-2-copie-1-768x922.jpg 768w, https:\/\/b-ak.com\/wp-content\/uploads\/2025\/12\/FOSSILATION-Folio-PAGE-FULL-glissees-2-copie-1-10x12.jpg 10w\" sizes=\"auto, (max-width: 1125px) 100vw, 1125px\" \/><button\n\t\t\tclass=\"lightbox-trigger\"\n\t\t\ttype=\"button\"\n\t\t\taria-haspopup=\"dialog\"\n\t\t\taria-label=\"Agrandir\"\n\t\t\tdata-wp-init=\"callbacks.initTriggerButton\"\n\t\t\tdata-wp-on--click=\"actions.showLightbox\"\n\t\t\tdata-wp-style--right=\"state.imageButtonRight\"\n\t\t\tdata-wp-style--top=\"state.imageButtonTop\"\n\t\t>\n\t\t\t<svg xmlns=\"http:\/\/www.w3.org\/2000\/svg\" width=\"12\" height=\"12\" fill=\"none\" viewbox=\"0 0 12 12\">\n\t\t\t\t<path fill=\"#fff\" d=\"M2 0a2 2 0 0 0-2 2v2h1.5V2a.5.5 0 0 1 .5-.5h2V0H2Zm2 10.5H2a.5.5 0 0 1-.5-.5V8H0v2a2 2 0 0 0 2 2h2v-1.5ZM8 12v-1.5h2a.5.5 0 0 0 .5-.5V8H12v2a2 2 0 0 1-2 2H8Zm2-12a2 2 0 0 1 2 2v2h-1.5V2a.5.5 0 0 0-.5-.5H8V0h2Z\" \/>\n\t\t\t<\/svg>\n\t\t<\/button><\/figure>\n<\/div>\n<\/div>\n<\/div>\n<\/div>\n<\/div>\n\n\n\n<div style=\"height:10px\" aria-hidden=\"true\" class=\"wp-block-spacer\"><\/div>\n\n\n\n<figure class=\"wp-block-gallery has-nested-images columns-default is-cropped img-caption-project wp-block-gallery-1 is-layout-flex wp-block-gallery-is-layout-flex\">\n<figure data-wp-context=\"{&quot;imageId&quot;:&quot;69d01bd0ea61b&quot;}\" data-wp-interactive=\"core\/image\" data-wp-key=\"69d01bd0ea61b\" class=\"wp-block-image size-full wp-lightbox-container\"><img loading=\"lazy\" decoding=\"async\" width=\"1125\" height=\"1350\" data-wp-class--hide=\"state.isContentHidden\" data-wp-class--show=\"state.isContentVisible\" data-wp-init=\"callbacks.setButtonStyles\" data-wp-on--click=\"actions.showLightbox\" data-wp-on--load=\"callbacks.setButtonStyles\" data-wp-on-window--resize=\"callbacks.setButtonStyles\" data-id=\"1596\" src=\"https:\/\/b-ak.com\/wp-content\/uploads\/2025\/12\/FOSSILATION-Folio-PAGE-FULL-glissees-9-copie.jpg\" alt=\"\" class=\"wp-image-1596\" srcset=\"https:\/\/b-ak.com\/wp-content\/uploads\/2025\/12\/FOSSILATION-Folio-PAGE-FULL-glissees-9-copie.jpg 1125w, https:\/\/b-ak.com\/wp-content\/uploads\/2025\/12\/FOSSILATION-Folio-PAGE-FULL-glissees-9-copie-250x300.jpg 250w, https:\/\/b-ak.com\/wp-content\/uploads\/2025\/12\/FOSSILATION-Folio-PAGE-FULL-glissees-9-copie-853x1024.jpg 853w, https:\/\/b-ak.com\/wp-content\/uploads\/2025\/12\/FOSSILATION-Folio-PAGE-FULL-glissees-9-copie-768x922.jpg 768w, https:\/\/b-ak.com\/wp-content\/uploads\/2025\/12\/FOSSILATION-Folio-PAGE-FULL-glissees-9-copie-10x12.jpg 10w\" sizes=\"auto, (max-width: 1125px) 100vw, 1125px\" \/><button\n\t\t\tclass=\"lightbox-trigger\"\n\t\t\ttype=\"button\"\n\t\t\taria-haspopup=\"dialog\"\n\t\t\taria-label=\"Agrandir\"\n\t\t\tdata-wp-init=\"callbacks.initTriggerButton\"\n\t\t\tdata-wp-on--click=\"actions.showLightbox\"\n\t\t\tdata-wp-style--right=\"state.imageButtonRight\"\n\t\t\tdata-wp-style--top=\"state.imageButtonTop\"\n\t\t>\n\t\t\t<svg xmlns=\"http:\/\/www.w3.org\/2000\/svg\" width=\"12\" height=\"12\" fill=\"none\" viewbox=\"0 0 12 12\">\n\t\t\t\t<path fill=\"#fff\" d=\"M2 0a2 2 0 0 0-2 2v2h1.5V2a.5.5 0 0 1 .5-.5h2V0H2Zm2 10.5H2a.5.5 0 0 1-.5-.5V8H0v2a2 2 0 0 0 2 2h2v-1.5ZM8 12v-1.5h2a.5.5 0 0 0 .5-.5V8H12v2a2 2 0 0 1-2 2H8Zm2-12a2 2 0 0 1 2 2v2h-1.5V2a.5.5 0 0 0-.5-.5H8V0h2Z\" \/>\n\t\t\t<\/svg>\n\t\t<\/button><\/figure>\n\n\n\n<figure data-wp-context=\"{&quot;imageId&quot;:&quot;69d01bd0ea933&quot;}\" data-wp-interactive=\"core\/image\" data-wp-key=\"69d01bd0ea933\" class=\"wp-block-image size-full wp-lightbox-container\"><img loading=\"lazy\" decoding=\"async\" width=\"1125\" height=\"1350\" data-wp-class--hide=\"state.isContentHidden\" data-wp-class--show=\"state.isContentVisible\" data-wp-init=\"callbacks.setButtonStyles\" data-wp-on--click=\"actions.showLightbox\" data-wp-on--load=\"callbacks.setButtonStyles\" data-wp-on-window--resize=\"callbacks.setButtonStyles\" data-id=\"1597\" src=\"https:\/\/b-ak.com\/wp-content\/uploads\/2025\/12\/FOSSILATION-Folio-PAGE-FULL-glissees-4-copie.jpg\" alt=\"\" class=\"wp-image-1597\" srcset=\"https:\/\/b-ak.com\/wp-content\/uploads\/2025\/12\/FOSSILATION-Folio-PAGE-FULL-glissees-4-copie.jpg 1125w, https:\/\/b-ak.com\/wp-content\/uploads\/2025\/12\/FOSSILATION-Folio-PAGE-FULL-glissees-4-copie-250x300.jpg 250w, https:\/\/b-ak.com\/wp-content\/uploads\/2025\/12\/FOSSILATION-Folio-PAGE-FULL-glissees-4-copie-853x1024.jpg 853w, https:\/\/b-ak.com\/wp-content\/uploads\/2025\/12\/FOSSILATION-Folio-PAGE-FULL-glissees-4-copie-768x922.jpg 768w, https:\/\/b-ak.com\/wp-content\/uploads\/2025\/12\/FOSSILATION-Folio-PAGE-FULL-glissees-4-copie-10x12.jpg 10w\" sizes=\"auto, (max-width: 1125px) 100vw, 1125px\" \/><button\n\t\t\tclass=\"lightbox-trigger\"\n\t\t\ttype=\"button\"\n\t\t\taria-haspopup=\"dialog\"\n\t\t\taria-label=\"Agrandir\"\n\t\t\tdata-wp-init=\"callbacks.initTriggerButton\"\n\t\t\tdata-wp-on--click=\"actions.showLightbox\"\n\t\t\tdata-wp-style--right=\"state.imageButtonRight\"\n\t\t\tdata-wp-style--top=\"state.imageButtonTop\"\n\t\t>\n\t\t\t<svg xmlns=\"http:\/\/www.w3.org\/2000\/svg\" width=\"12\" height=\"12\" fill=\"none\" viewbox=\"0 0 12 12\">\n\t\t\t\t<path fill=\"#fff\" d=\"M2 0a2 2 0 0 0-2 2v2h1.5V2a.5.5 0 0 1 .5-.5h2V0H2Zm2 10.5H2a.5.5 0 0 1-.5-.5V8H0v2a2 2 0 0 0 2 2h2v-1.5ZM8 12v-1.5h2a.5.5 0 0 0 .5-.5V8H12v2a2 2 0 0 1-2 2H8Zm2-12a2 2 0 0 1 2 2v2h-1.5V2a.5.5 0 0 0-.5-.5H8V0h2Z\" \/>\n\t\t\t<\/svg>\n\t\t<\/button><\/figure>\n<\/figure>\n\n\n\n<figure class=\"wp-block-gallery has-nested-images columns-default is-cropped img-caption-project wp-block-gallery-2 is-layout-flex wp-block-gallery-is-layout-flex\">\n<figure data-wp-context=\"{&quot;imageId&quot;:&quot;69d01bd0eacd7&quot;}\" data-wp-interactive=\"core\/image\" data-wp-key=\"69d01bd0eacd7\" class=\"wp-block-image size-full wp-lightbox-container\"><img loading=\"lazy\" decoding=\"async\" width=\"1125\" height=\"1350\" data-wp-class--hide=\"state.isContentHidden\" data-wp-class--show=\"state.isContentVisible\" data-wp-init=\"callbacks.setButtonStyles\" data-wp-on--click=\"actions.showLightbox\" data-wp-on--load=\"callbacks.setButtonStyles\" data-wp-on-window--resize=\"callbacks.setButtonStyles\" data-id=\"1599\" src=\"https:\/\/b-ak.com\/wp-content\/uploads\/2025\/12\/FOSSILATION-Folio-PAGE-FULL-glissees-6-copie-1.jpg\" alt=\"\" class=\"wp-image-1599\" srcset=\"https:\/\/b-ak.com\/wp-content\/uploads\/2025\/12\/FOSSILATION-Folio-PAGE-FULL-glissees-6-copie-1.jpg 1125w, https:\/\/b-ak.com\/wp-content\/uploads\/2025\/12\/FOSSILATION-Folio-PAGE-FULL-glissees-6-copie-1-250x300.jpg 250w, https:\/\/b-ak.com\/wp-content\/uploads\/2025\/12\/FOSSILATION-Folio-PAGE-FULL-glissees-6-copie-1-853x1024.jpg 853w, https:\/\/b-ak.com\/wp-content\/uploads\/2025\/12\/FOSSILATION-Folio-PAGE-FULL-glissees-6-copie-1-768x922.jpg 768w, https:\/\/b-ak.com\/wp-content\/uploads\/2025\/12\/FOSSILATION-Folio-PAGE-FULL-glissees-6-copie-1-10x12.jpg 10w\" sizes=\"auto, (max-width: 1125px) 100vw, 1125px\" \/><button\n\t\t\tclass=\"lightbox-trigger\"\n\t\t\ttype=\"button\"\n\t\t\taria-haspopup=\"dialog\"\n\t\t\taria-label=\"Agrandir\"\n\t\t\tdata-wp-init=\"callbacks.initTriggerButton\"\n\t\t\tdata-wp-on--click=\"actions.showLightbox\"\n\t\t\tdata-wp-style--right=\"state.imageButtonRight\"\n\t\t\tdata-wp-style--top=\"state.imageButtonTop\"\n\t\t>\n\t\t\t<svg xmlns=\"http:\/\/www.w3.org\/2000\/svg\" width=\"12\" height=\"12\" fill=\"none\" viewbox=\"0 0 12 12\">\n\t\t\t\t<path fill=\"#fff\" d=\"M2 0a2 2 0 0 0-2 2v2h1.5V2a.5.5 0 0 1 .5-.5h2V0H2Zm2 10.5H2a.5.5 0 0 1-.5-.5V8H0v2a2 2 0 0 0 2 2h2v-1.5ZM8 12v-1.5h2a.5.5 0 0 0 .5-.5V8H12v2a2 2 0 0 1-2 2H8Zm2-12a2 2 0 0 1 2 2v2h-1.5V2a.5.5 0 0 0-.5-.5H8V0h2Z\" \/>\n\t\t\t<\/svg>\n\t\t<\/button><\/figure>\n\n\n\n<figure data-wp-context=\"{&quot;imageId&quot;:&quot;69d01bd0eafe4&quot;}\" data-wp-interactive=\"core\/image\" data-wp-key=\"69d01bd0eafe4\" class=\"wp-block-image size-full wp-lightbox-container\"><img loading=\"lazy\" decoding=\"async\" width=\"1125\" height=\"1350\" data-wp-class--hide=\"state.isContentHidden\" data-wp-class--show=\"state.isContentVisible\" data-wp-init=\"callbacks.setButtonStyles\" data-wp-on--click=\"actions.showLightbox\" data-wp-on--load=\"callbacks.setButtonStyles\" data-wp-on-window--resize=\"callbacks.setButtonStyles\" data-id=\"1600\" src=\"https:\/\/b-ak.com\/wp-content\/uploads\/2025\/12\/FOSSILATION-Folio-PAGE-FULL-glissees-7-copie.jpg\" alt=\"\" class=\"wp-image-1600\" srcset=\"https:\/\/b-ak.com\/wp-content\/uploads\/2025\/12\/FOSSILATION-Folio-PAGE-FULL-glissees-7-copie.jpg 1125w, https:\/\/b-ak.com\/wp-content\/uploads\/2025\/12\/FOSSILATION-Folio-PAGE-FULL-glissees-7-copie-250x300.jpg 250w, https:\/\/b-ak.com\/wp-content\/uploads\/2025\/12\/FOSSILATION-Folio-PAGE-FULL-glissees-7-copie-853x1024.jpg 853w, https:\/\/b-ak.com\/wp-content\/uploads\/2025\/12\/FOSSILATION-Folio-PAGE-FULL-glissees-7-copie-768x922.jpg 768w, https:\/\/b-ak.com\/wp-content\/uploads\/2025\/12\/FOSSILATION-Folio-PAGE-FULL-glissees-7-copie-10x12.jpg 10w\" sizes=\"auto, (max-width: 1125px) 100vw, 1125px\" \/><button\n\t\t\tclass=\"lightbox-trigger\"\n\t\t\ttype=\"button\"\n\t\t\taria-haspopup=\"dialog\"\n\t\t\taria-label=\"Agrandir\"\n\t\t\tdata-wp-init=\"callbacks.initTriggerButton\"\n\t\t\tdata-wp-on--click=\"actions.showLightbox\"\n\t\t\tdata-wp-style--right=\"state.imageButtonRight\"\n\t\t\tdata-wp-style--top=\"state.imageButtonTop\"\n\t\t>\n\t\t\t<svg xmlns=\"http:\/\/www.w3.org\/2000\/svg\" width=\"12\" height=\"12\" fill=\"none\" viewbox=\"0 0 12 12\">\n\t\t\t\t<path fill=\"#fff\" d=\"M2 0a2 2 0 0 0-2 2v2h1.5V2a.5.5 0 0 1 .5-.5h2V0H2Zm2 10.5H2a.5.5 0 0 1-.5-.5V8H0v2a2 2 0 0 0 2 2h2v-1.5ZM8 12v-1.5h2a.5.5 0 0 0 .5-.5V8H12v2a2 2 0 0 1-2 2H8Zm2-12a2 2 0 0 1 2 2v2h-1.5V2a.5.5 0 0 0-.5-.5H8V0h2Z\" \/>\n\t\t\t<\/svg>\n\t\t<\/button><\/figure>\n<\/figure>\n\n\n\n<figure class=\"wp-block-gallery has-nested-images columns-default is-cropped img-caption-project wp-block-gallery-3 is-layout-flex wp-block-gallery-is-layout-flex\">\n<figure data-wp-context=\"{&quot;imageId&quot;:&quot;69d01bd0eb37e&quot;}\" data-wp-interactive=\"core\/image\" data-wp-key=\"69d01bd0eb37e\" class=\"wp-block-image size-full wp-lightbox-container\"><img loading=\"lazy\" decoding=\"async\" width=\"1125\" height=\"1350\" data-wp-class--hide=\"state.isContentHidden\" data-wp-class--show=\"state.isContentVisible\" data-wp-init=\"callbacks.setButtonStyles\" data-wp-on--click=\"actions.showLightbox\" data-wp-on--load=\"callbacks.setButtonStyles\" data-wp-on-window--resize=\"callbacks.setButtonStyles\" data-id=\"1601\" src=\"https:\/\/b-ak.com\/wp-content\/uploads\/2025\/12\/FOSSILATION-Folio-PAGE-FULL-glissees-10-copie.jpg\" alt=\"\" class=\"wp-image-1601\" srcset=\"https:\/\/b-ak.com\/wp-content\/uploads\/2025\/12\/FOSSILATION-Folio-PAGE-FULL-glissees-10-copie.jpg 1125w, https:\/\/b-ak.com\/wp-content\/uploads\/2025\/12\/FOSSILATION-Folio-PAGE-FULL-glissees-10-copie-250x300.jpg 250w, https:\/\/b-ak.com\/wp-content\/uploads\/2025\/12\/FOSSILATION-Folio-PAGE-FULL-glissees-10-copie-853x1024.jpg 853w, https:\/\/b-ak.com\/wp-content\/uploads\/2025\/12\/FOSSILATION-Folio-PAGE-FULL-glissees-10-copie-768x922.jpg 768w, https:\/\/b-ak.com\/wp-content\/uploads\/2025\/12\/FOSSILATION-Folio-PAGE-FULL-glissees-10-copie-10x12.jpg 10w\" sizes=\"auto, (max-width: 1125px) 100vw, 1125px\" \/><button\n\t\t\tclass=\"lightbox-trigger\"\n\t\t\ttype=\"button\"\n\t\t\taria-haspopup=\"dialog\"\n\t\t\taria-label=\"Agrandir\"\n\t\t\tdata-wp-init=\"callbacks.initTriggerButton\"\n\t\t\tdata-wp-on--click=\"actions.showLightbox\"\n\t\t\tdata-wp-style--right=\"state.imageButtonRight\"\n\t\t\tdata-wp-style--top=\"state.imageButtonTop\"\n\t\t>\n\t\t\t<svg xmlns=\"http:\/\/www.w3.org\/2000\/svg\" width=\"12\" height=\"12\" fill=\"none\" viewbox=\"0 0 12 12\">\n\t\t\t\t<path fill=\"#fff\" d=\"M2 0a2 2 0 0 0-2 2v2h1.5V2a.5.5 0 0 1 .5-.5h2V0H2Zm2 10.5H2a.5.5 0 0 1-.5-.5V8H0v2a2 2 0 0 0 2 2h2v-1.5ZM8 12v-1.5h2a.5.5 0 0 0 .5-.5V8H12v2a2 2 0 0 1-2 2H8Zm2-12a2 2 0 0 1 2 2v2h-1.5V2a.5.5 0 0 0-.5-.5H8V0h2Z\" \/>\n\t\t\t<\/svg>\n\t\t<\/button><\/figure>\n\n\n\n<figure data-wp-context=\"{&quot;imageId&quot;:&quot;69d01bd0eb692&quot;}\" data-wp-interactive=\"core\/image\" data-wp-key=\"69d01bd0eb692\" class=\"wp-block-image size-full wp-lightbox-container\"><img loading=\"lazy\" decoding=\"async\" width=\"1125\" height=\"1350\" data-wp-class--hide=\"state.isContentHidden\" data-wp-class--show=\"state.isContentVisible\" data-wp-init=\"callbacks.setButtonStyles\" data-wp-on--click=\"actions.showLightbox\" data-wp-on--load=\"callbacks.setButtonStyles\" data-wp-on-window--resize=\"callbacks.setButtonStyles\" data-id=\"1602\" src=\"https:\/\/b-ak.com\/wp-content\/uploads\/2025\/12\/FOSSILATION-Folio-PAGE-FULL-glissees-11-copie.jpg\" alt=\"\" class=\"wp-image-1602\" srcset=\"https:\/\/b-ak.com\/wp-content\/uploads\/2025\/12\/FOSSILATION-Folio-PAGE-FULL-glissees-11-copie.jpg 1125w, https:\/\/b-ak.com\/wp-content\/uploads\/2025\/12\/FOSSILATION-Folio-PAGE-FULL-glissees-11-copie-250x300.jpg 250w, https:\/\/b-ak.com\/wp-content\/uploads\/2025\/12\/FOSSILATION-Folio-PAGE-FULL-glissees-11-copie-853x1024.jpg 853w, https:\/\/b-ak.com\/wp-content\/uploads\/2025\/12\/FOSSILATION-Folio-PAGE-FULL-glissees-11-copie-768x922.jpg 768w, https:\/\/b-ak.com\/wp-content\/uploads\/2025\/12\/FOSSILATION-Folio-PAGE-FULL-glissees-11-copie-10x12.jpg 10w\" sizes=\"auto, (max-width: 1125px) 100vw, 1125px\" \/><button\n\t\t\tclass=\"lightbox-trigger\"\n\t\t\ttype=\"button\"\n\t\t\taria-haspopup=\"dialog\"\n\t\t\taria-label=\"Agrandir\"\n\t\t\tdata-wp-init=\"callbacks.initTriggerButton\"\n\t\t\tdata-wp-on--click=\"actions.showLightbox\"\n\t\t\tdata-wp-style--right=\"state.imageButtonRight\"\n\t\t\tdata-wp-style--top=\"state.imageButtonTop\"\n\t\t>\n\t\t\t<svg xmlns=\"http:\/\/www.w3.org\/2000\/svg\" width=\"12\" height=\"12\" fill=\"none\" viewbox=\"0 0 12 12\">\n\t\t\t\t<path fill=\"#fff\" d=\"M2 0a2 2 0 0 0-2 2v2h1.5V2a.5.5 0 0 1 .5-.5h2V0H2Zm2 10.5H2a.5.5 0 0 1-.5-.5V8H0v2a2 2 0 0 0 2 2h2v-1.5ZM8 12v-1.5h2a.5.5 0 0 0 .5-.5V8H12v2a2 2 0 0 1-2 2H8Zm2-12a2 2 0 0 1 2 2v2h-1.5V2a.5.5 0 0 0-.5-.5H8V0h2Z\" \/>\n\t\t\t<\/svg>\n\t\t<\/button><\/figure>\n<\/figure>\n<\/div>","protected":false},"excerpt":{"rendered":"<p>2022 Riverside Architectural Press Read the publication Fossilation, bioplastic, energy harvesting, bio-art, residual energy, architecture. Alice Jarry (\u00e9ds.)Marie-Pier Boucher (\u00e9ds.)Samuel BianchiniG\u00e9raldine GomezBrice Ammar-KhodjaAlexandra BachmayerTh\u00e9o ChauvireyMaria ChekhanovichMatthew HalpennyRapha\u00eblle KerbratVanessa MardirossianPhilippe VandalLee Wilkins Graphic DesignBrice Ammar-Khodja This research-creation folio presents the processual and technical development of a bio-inspired architectural installation that invests the ecological imprint of images. [&hellip;]<\/p>","protected":false},"author":1,"featured_media":0,"parent":1466,"menu_order":0,"comment_status":"closed","ping_status":"closed","template":"","meta":{"_eb_attr":"","footnotes":""},"class_list":["post-1582","page","type-page","status-publish","hentry"],"_links":{"self":[{"href":"https:\/\/b-ak.com\/fr\/wp-json\/wp\/v2\/pages\/1582","targetHints":{"allow":["GET"]}}],"collection":[{"href":"https:\/\/b-ak.com\/fr\/wp-json\/wp\/v2\/pages"}],"about":[{"href":"https:\/\/b-ak.com\/fr\/wp-json\/wp\/v2\/types\/page"}],"author":[{"embeddable":true,"href":"https:\/\/b-ak.com\/fr\/wp-json\/wp\/v2\/users\/1"}],"replies":[{"embeddable":true,"href":"https:\/\/b-ak.com\/fr\/wp-json\/wp\/v2\/comments?post=1582"}],"version-history":[{"count":8,"href":"https:\/\/b-ak.com\/fr\/wp-json\/wp\/v2\/pages\/1582\/revisions"}],"predecessor-version":[{"id":1616,"href":"https:\/\/b-ak.com\/fr\/wp-json\/wp\/v2\/pages\/1582\/revisions\/1616"}],"up":[{"embeddable":true,"href":"https:\/\/b-ak.com\/fr\/wp-json\/wp\/v2\/pages\/1466"}],"wp:attachment":[{"href":"https:\/\/b-ak.com\/fr\/wp-json\/wp\/v2\/media?parent=1582"}],"curies":[{"name":"wp","href":"https:\/\/api.w.org\/{rel}","templated":true}]}}