{"id":1617,"date":"2025-12-27T01:14:32","date_gmt":"2025-12-27T01:14:32","guid":{"rendered":"https:\/\/b-ak.com\/?page_id=1617"},"modified":"2025-12-27T01:27:50","modified_gmt":"2025-12-27T01:27:50","slug":"form-taking-force-shaping","status":"publish","type":"page","link":"https:\/\/b-ak.com\/fr\/publications\/form-taking-force-shaping\/","title":{"rendered":"Form taking\/ force shaping"},"content":{"rendered":"<div class=\"wp-block-group has-global-padding is-layout-constrained wp-container-core-group-is-layout-80e270e4 wp-block-group-is-layout-constrained\" style=\"padding-right:var(--wp--preset--spacing--50);padding-left:var(--wp--preset--spacing--50)\">\n<div style=\"height:18px\" aria-hidden=\"true\" class=\"wp-block-spacer\"><\/div>\n\n\n\n<hr class=\"wp-block-separator has-text-color has-alpha-channel-opacity has-background\" style=\"background-color:#12e66b;color:#12e66b\"\/>\n\n\n\n<div class=\"wp-block-group has-global-padding is-layout-constrained wp-container-core-group-is-layout-12243e0f wp-block-group-is-layout-constrained\">\n<div class=\"wp-block-columns is-layout-flex wp-container-core-columns-is-layout-9503679e wp-block-columns-is-layout-flex\">\n<div class=\"wp-block-column is-layout-flow wp-block-column-is-layout-flow\" style=\"flex-basis:30%\"><h2 style=\"text-transform:lowercase;\" class=\"has-text-align-left wp-block-post-title has-x-large-font-size\">Form taking\/ force shaping<\/h2><\/div>\n\n\n\n<div class=\"wp-block-column is-layout-flow wp-container-core-column-is-layout-0ab540ad wp-block-column-is-layout-flow\" style=\"flex-basis:100%\">\n<div class=\"wp-block-columns is-layout-flex wp-container-core-columns-is-layout-28f84493 wp-block-columns-is-layout-flex\">\n<div class=\"wp-block-column is-layout-flow wp-block-column-is-layout-flow\">\n<p class=\"has-text-align-left has-primary-color has-text-color has-link-color has-medium-font-size wp-elements-cd647adb397d1ca6db7116e4aad379e3\" style=\"font-style:normal;font-weight:500\">2022<br><br>Antennae #59<br>Microbial Ecologies <\/p>\n<\/div>\n\n\n\n<div class=\"wp-block-column is-layout-flow wp-block-column-is-layout-flow\">\n<p class=\"has-text-align-left has-primary-color has-text-color has-link-color has-medium-font-size wp-elements-d8d3a569cc6710dbec0b1610ab1763bf\" style=\"font-style:normal;font-weight:500\"><a href=\"http:\/\/www.dropbox.com\/s\/jbp4877dgcfvanz\/ANTENNAE%20ISSUE%2059.pdf?dl=1\">Consulter la publication<\/a> (p. 58-73)<\/p>\n<\/div>\n<\/div>\n<\/div>\n<\/div>\n<\/div>\n\n\n\n<div class=\"wp-block-group has-global-padding is-layout-constrained wp-container-core-group-is-layout-12243e0f wp-block-group-is-layout-constrained\">\n<div class=\"wp-block-columns is-layout-flex wp-container-core-columns-is-layout-5074d8d6 wp-block-columns-is-layout-flex\" style=\"margin-top:0;margin-bottom:0;padding-right:0;padding-left:0\">\n<div class=\"wp-block-column is-layout-flow wp-block-column-is-layout-flow\" style=\"border-right-style:none;border-right-width:0px;flex-basis:30%\">\n<hr class=\"wp-block-separator has-text-color has-custom-green-lines-color has-alpha-channel-opacity has-custom-green-lines-background-color has-background\"\/>\n\n\n\n<p class=\"has-custom-green-text-color has-text-color has-link-color has-small-font-size wp-elements-40a7bf08d4d9d25e48a97149a8eb5611\" style=\"font-style:normal;font-weight:500\">Fossilation, bioplastique, r\u00e9colte d'\u00e9nergie r\u00e9siduelle, bio-art, architecture?<br><\/p>\n\n\n\n<p class=\"has-albert-sans-font-family has-small-font-size\" style=\"font-style:normal;font-weight:500\">Alice Jarry<br>Marie-Pier Boucher<br>Brice Ammar-Khodja<br>Samuel Bianchini<br>lee wilkins<br>Vanessa Mardirossian<\/p>\n\n\n\n<p class=\"has-albert-sans-font-family has-small-font-size\" style=\"font-style:normal;font-weight:500\"><br><br><br><\/p>\n<\/div>\n\n\n\n<div class=\"wp-block-column is-layout-flow wp-block-column-is-layout-flow\" style=\"border-right-style:none;border-right-width:0px;flex-basis:100%\">\n<hr class=\"wp-block-separator has-text-color has-alpha-channel-opacity has-background\" style=\"background-color:#12e66b;color:#12e66b\"\/>\n\n\n\n<div class=\"wp-block-columns is-layout-flex wp-container-core-columns-is-layout-28f84493 wp-block-columns-is-layout-flex\">\n<div class=\"wp-block-column is-layout-flow wp-block-column-is-layout-flow\">\n<p class=\"has-medium-font-size\">A transparent membrane made of bioplastic hovers over the floor at the Centre Georges Pompidou in Paris.<br><br>Many cables extend directly from the membrane towards the ceiling and appear to be held in place there as<br>if by static cling. Arranged like tentacles in search of food and energy, sensors and suspended cables running along the exposed piping (a signature architectural feature of the Centre) also interface with the membrane, converting the building\u2019s residual flow, energy, activity, and traffic into electricity. <\/p>\n\n\n\n<p class=\"has-medium-font-size\">This energetic and electrical \u201cgrip\u201d on the building serves to power a light arrangement that illuminates the membrane from the inside,<br>modulating its intensity and creating an effect reminiscent of a flickering film strip. The membrane is imprinted<br>with counter-forms depicting bare, obsolete electronic components\u2014flat screens, cables, computer components, and peripheral devices. The forms progressively merge and fade into the media, like an open-pit mine being gradually filled, frame by frame, creating a fossilized imprint of our era.<\/p>\n<\/div>\n\n\n\n<div class=\"wp-block-column is-layout-flow wp-block-column-is-layout-flow\">\n<figure data-wp-context=\"{&quot;imageId&quot;:&quot;69d01a8090d5e&quot;}\" data-wp-interactive=\"core\/image\" data-wp-key=\"69d01a8090d5e\" class=\"wp-block-image size-full img-caption-project wp-lightbox-container\"><img loading=\"lazy\" decoding=\"async\" width=\"1156\" height=\"1504\" data-wp-class--hide=\"state.isContentHidden\" data-wp-class--show=\"state.isContentVisible\" data-wp-init=\"callbacks.setButtonStyles\" data-wp-on--click=\"actions.showLightbox\" data-wp-on--load=\"callbacks.setButtonStyles\" data-wp-on-window--resize=\"callbacks.setButtonStyles\" src=\"https:\/\/b-ak.com\/wp-content\/uploads\/2025\/12\/318043952_656179729402632_442504569908428105_n-1.jpg\" alt=\"\" class=\"wp-image-1618\" srcset=\"https:\/\/b-ak.com\/wp-content\/uploads\/2025\/12\/318043952_656179729402632_442504569908428105_n-1.jpg 1156w, https:\/\/b-ak.com\/wp-content\/uploads\/2025\/12\/318043952_656179729402632_442504569908428105_n-1-231x300.jpg 231w, https:\/\/b-ak.com\/wp-content\/uploads\/2025\/12\/318043952_656179729402632_442504569908428105_n-1-787x1024.jpg 787w, https:\/\/b-ak.com\/wp-content\/uploads\/2025\/12\/318043952_656179729402632_442504569908428105_n-1-768x999.jpg 768w, https:\/\/b-ak.com\/wp-content\/uploads\/2025\/12\/318043952_656179729402632_442504569908428105_n-1-9x12.jpg 9w\" sizes=\"auto, (max-width: 1156px) 100vw, 1156px\" \/><button\n\t\t\tclass=\"lightbox-trigger\"\n\t\t\ttype=\"button\"\n\t\t\taria-haspopup=\"dialog\"\n\t\t\taria-label=\"Agrandir\"\n\t\t\tdata-wp-init=\"callbacks.initTriggerButton\"\n\t\t\tdata-wp-on--click=\"actions.showLightbox\"\n\t\t\tdata-wp-style--right=\"state.imageButtonRight\"\n\t\t\tdata-wp-style--top=\"state.imageButtonTop\"\n\t\t>\n\t\t\t<svg xmlns=\"http:\/\/www.w3.org\/2000\/svg\" width=\"12\" height=\"12\" fill=\"none\" viewbox=\"0 0 12 12\">\n\t\t\t\t<path fill=\"#fff\" d=\"M2 0a2 2 0 0 0-2 2v2h1.5V2a.5.5 0 0 1 .5-.5h2V0H2Zm2 10.5H2a.5.5 0 0 1-.5-.5V8H0v2a2 2 0 0 0 2 2h2v-1.5ZM8 12v-1.5h2a.5.5 0 0 0 .5-.5V8H12v2a2 2 0 0 1-2 2H8Zm2-12a2 2 0 0 1 2 2v2h-1.5V2a.5.5 0 0 0-.5-.5H8V0h2Z\" \/>\n\t\t\t<\/svg>\n\t\t<\/button><figcaption class=\"wp-element-caption\">Front cover: Daria Fedorova, &#8216;Portraying&#8217;, extremely flat nutrient on thin paper, scaled area, air seeding, 2021 \u00a9 DashaPlesen\/The Blueprint Russia copyrights<\/figcaption><\/figure>\n<\/div>\n<\/div>\n<\/div>\n<\/div>\n<\/div>\n\n\n\n<div style=\"height:10px\" aria-hidden=\"true\" class=\"wp-block-spacer\"><\/div>\n\n\n\n<figure class=\"wp-block-image size-full\"><img loading=\"lazy\" decoding=\"async\" width=\"1958\" height=\"1268\" src=\"https:\/\/b-ak.com\/wp-content\/uploads\/2025\/12\/Capture-decran-2025-12-27-a-02.24.47.png\" alt=\"\" class=\"wp-image-1632\" srcset=\"https:\/\/b-ak.com\/wp-content\/uploads\/2025\/12\/Capture-decran-2025-12-27-a-02.24.47.png 1958w, https:\/\/b-ak.com\/wp-content\/uploads\/2025\/12\/Capture-decran-2025-12-27-a-02.24.47-300x194.png 300w, https:\/\/b-ak.com\/wp-content\/uploads\/2025\/12\/Capture-decran-2025-12-27-a-02.24.47-1024x663.png 1024w, https:\/\/b-ak.com\/wp-content\/uploads\/2025\/12\/Capture-decran-2025-12-27-a-02.24.47-768x497.png 768w, https:\/\/b-ak.com\/wp-content\/uploads\/2025\/12\/Capture-decran-2025-12-27-a-02.24.47-1536x995.png 1536w, https:\/\/b-ak.com\/wp-content\/uploads\/2025\/12\/Capture-decran-2025-12-27-a-02.24.47-18x12.png 18w\" sizes=\"auto, (max-width: 1958px) 100vw, 1958px\" \/><\/figure>\n\n\n\n<figure class=\"wp-block-image size-full\"><img loading=\"lazy\" decoding=\"async\" width=\"1958\" height=\"1268\" src=\"https:\/\/b-ak.com\/wp-content\/uploads\/2025\/12\/Capture-decran-2025-12-27-a-02.24.57.png\" alt=\"\" class=\"wp-image-1634\" srcset=\"https:\/\/b-ak.com\/wp-content\/uploads\/2025\/12\/Capture-decran-2025-12-27-a-02.24.57.png 1958w, https:\/\/b-ak.com\/wp-content\/uploads\/2025\/12\/Capture-decran-2025-12-27-a-02.24.57-300x194.png 300w, https:\/\/b-ak.com\/wp-content\/uploads\/2025\/12\/Capture-decran-2025-12-27-a-02.24.57-1024x663.png 1024w, https:\/\/b-ak.com\/wp-content\/uploads\/2025\/12\/Capture-decran-2025-12-27-a-02.24.57-768x497.png 768w, https:\/\/b-ak.com\/wp-content\/uploads\/2025\/12\/Capture-decran-2025-12-27-a-02.24.57-1536x995.png 1536w, https:\/\/b-ak.com\/wp-content\/uploads\/2025\/12\/Capture-decran-2025-12-27-a-02.24.57-18x12.png 18w\" sizes=\"auto, (max-width: 1958px) 100vw, 1958px\" \/><\/figure>\n\n\n\n<figure class=\"wp-block-image size-full\"><img loading=\"lazy\" decoding=\"async\" width=\"1958\" height=\"1262\" src=\"https:\/\/b-ak.com\/wp-content\/uploads\/2025\/12\/Capture-decran-2025-12-27-a-02.25.12.png\" alt=\"\" class=\"wp-image-1633\" srcset=\"https:\/\/b-ak.com\/wp-content\/uploads\/2025\/12\/Capture-decran-2025-12-27-a-02.25.12.png 1958w, https:\/\/b-ak.com\/wp-content\/uploads\/2025\/12\/Capture-decran-2025-12-27-a-02.25.12-300x193.png 300w, https:\/\/b-ak.com\/wp-content\/uploads\/2025\/12\/Capture-decran-2025-12-27-a-02.25.12-1024x660.png 1024w, https:\/\/b-ak.com\/wp-content\/uploads\/2025\/12\/Capture-decran-2025-12-27-a-02.25.12-768x495.png 768w, https:\/\/b-ak.com\/wp-content\/uploads\/2025\/12\/Capture-decran-2025-12-27-a-02.25.12-1536x990.png 1536w, https:\/\/b-ak.com\/wp-content\/uploads\/2025\/12\/Capture-decran-2025-12-27-a-02.25.12-18x12.png 18w\" sizes=\"auto, (max-width: 1958px) 100vw, 1958px\" \/><\/figure>\n<\/div>","protected":false},"excerpt":{"rendered":"<p>2022 Antennae #59Microbial Ecologies Read the publication (p. 58-73) Fossilation, bioplastic, energy harvesting, bio-art, residual energy, architecture. Alice JarryMarie-Pier BoucherBrice Ammar-KhodjaSamuel Bianchinilee wilkinsVanessa Mardirossian A transparent membrane made of bioplastic hovers over the floor at the Centre Georges Pompidou in Paris. Many cables extend directly from the membrane towards the ceiling and appear to be [&hellip;]<\/p>","protected":false},"author":1,"featured_media":0,"parent":1466,"menu_order":0,"comment_status":"closed","ping_status":"closed","template":"","meta":{"_eb_attr":"","footnotes":""},"class_list":["post-1617","page","type-page","status-publish","hentry"],"_links":{"self":[{"href":"https:\/\/b-ak.com\/fr\/wp-json\/wp\/v2\/pages\/1617","targetHints":{"allow":["GET"]}}],"collection":[{"href":"https:\/\/b-ak.com\/fr\/wp-json\/wp\/v2\/pages"}],"about":[{"href":"https:\/\/b-ak.com\/fr\/wp-json\/wp\/v2\/types\/page"}],"author":[{"embeddable":true,"href":"https:\/\/b-ak.com\/fr\/wp-json\/wp\/v2\/users\/1"}],"replies":[{"embeddable":true,"href":"https:\/\/b-ak.com\/fr\/wp-json\/wp\/v2\/comments?post=1617"}],"version-history":[{"count":7,"href":"https:\/\/b-ak.com\/fr\/wp-json\/wp\/v2\/pages\/1617\/revisions"}],"predecessor-version":[{"id":1635,"href":"https:\/\/b-ak.com\/fr\/wp-json\/wp\/v2\/pages\/1617\/revisions\/1635"}],"up":[{"embeddable":true,"href":"https:\/\/b-ak.com\/fr\/wp-json\/wp\/v2\/pages\/1466"}],"wp:attachment":[{"href":"https:\/\/b-ak.com\/fr\/wp-json\/wp\/v2\/media?parent=1617"}],"curies":[{"name":"wp","href":"https:\/\/api.w.org\/{rel}","templated":true}]}}