{"id":1686,"date":"2026-01-04T11:28:59","date_gmt":"2026-01-04T11:28:59","guid":{"rendered":"https:\/\/b-ak.com\/?page_id=1686"},"modified":"2026-01-04T11:50:58","modified_gmt":"2026-01-04T11:50:58","slug":"digital-entrapment","status":"publish","type":"page","link":"https:\/\/b-ak.com\/fr\/projects\/digital-entrapment\/","title":{"rendered":"digital entrapment"},"content":{"rendered":"<div class=\"wp-block-group has-global-padding is-layout-constrained wp-container-core-group-is-layout-80e270e4 wp-block-group-is-layout-constrained\" style=\"padding-right:var(--wp--preset--spacing--50);padding-left:var(--wp--preset--spacing--50)\">\n<div style=\"height:18px\" aria-hidden=\"true\" class=\"wp-block-spacer\"><\/div>\n\n\n\n<hr class=\"wp-block-separator has-text-color has-alpha-channel-opacity has-background\" style=\"background-color:#12e66b;color:#12e66b\"\/>\n\n\n\n<div class=\"wp-block-group has-global-padding is-layout-constrained wp-container-core-group-is-layout-12243e0f wp-block-group-is-layout-constrained\">\n<div class=\"wp-block-columns is-layout-flex wp-container-core-columns-is-layout-9503679e wp-block-columns-is-layout-flex\">\n<div class=\"wp-block-column is-layout-flow wp-block-column-is-layout-flow\" style=\"flex-basis:30%\"><h2 style=\"text-transform:lowercase;\" class=\"has-text-align-left wp-block-post-title has-x-large-font-size\">digital entrapment<\/h2><\/div>\n\n\n\n<div class=\"wp-block-column is-layout-flow wp-container-core-column-is-layout-0ab540ad wp-block-column-is-layout-flow\" style=\"flex-basis:100%\">\n<div class=\"wp-block-columns is-layout-flex wp-container-core-columns-is-layout-28f84493 wp-block-columns-is-layout-flex\">\n<div class=\"wp-block-column is-layout-flow wp-block-column-is-layout-flow\">\n<p class=\"has-text-align-left has-primary-color has-text-color has-link-color has-medium-font-size wp-elements-f0b721824ce9e192358375a66dabef02\" style=\"font-style:normal;font-weight:500\">2015<\/p>\n<\/div>\n\n\n\n<div class=\"wp-block-column is-layout-flow wp-block-column-is-layout-flow\">\n<p class=\"has-text-align-left has-primary-color has-text-color has-link-color has-medium-font-size wp-elements-5b1566a8e006ca8a2903b1f154b3b119\" style=\"font-style:normal;font-weight:500\"><\/p>\n<\/div>\n<\/div>\n<\/div>\n<\/div>\n<\/div>\n\n\n\n<div class=\"wp-block-group has-global-padding is-layout-constrained wp-container-core-group-is-layout-12243e0f wp-block-group-is-layout-constrained\">\n<div class=\"wp-block-columns is-layout-flex wp-container-core-columns-is-layout-5074d8d6 wp-block-columns-is-layout-flex\" style=\"margin-top:0;margin-bottom:0;padding-right:0;padding-left:0\">\n<div class=\"wp-block-column is-layout-flow wp-block-column-is-layout-flow\" style=\"border-right-style:none;border-right-width:0px;flex-basis:30%\">\n<hr class=\"wp-block-separator has-text-color has-custom-green-lines-color has-alpha-channel-opacity has-custom-green-lines-background-color has-background\"\/>\n\n\n\n<p class=\"has-custom-green-text-color has-text-color has-link-color has-small-font-size wp-elements-ac24e0aaf984c8a04f32271fe26b9677\" style=\"font-style:normal;font-weight:500\">design UX, design sensoriel, infra-ordinaire, ethnographie, IoT, installation interactive, vid\u00e9omapping<\/p>\n\n\n\n<p class=\"has-albert-sans-font-family has-small-font-size\" style=\"font-style:normal;font-weight:500\"><strong>Team<\/strong><br>Brice Ammar-Khodja<br><a href=\"https:\/\/larsnoback.com\/\">Lars Noback<\/a><\/p>\n<\/div>\n\n\n\n<div class=\"wp-block-column is-layout-flow wp-block-column-is-layout-flow\" style=\"border-right-style:none;border-right-width:0px;flex-basis:100%\">\n<hr class=\"wp-block-separator has-text-color has-alpha-channel-opacity has-background\" style=\"background-color:#12e66b;color:#12e66b\"\/>\n\n\n\n<div class=\"wp-block-columns is-layout-flex wp-container-core-columns-is-layout-28f84493 wp-block-columns-is-layout-flex\">\n<div class=\"wp-block-column is-layout-flow wp-block-column-is-layout-flow\">\n<p class=\"has-medium-font-size\"><strong>Digital Entrapment \/ Where am I Now <\/strong>est un projet qui explore le concept \u00ab d\u2019infra-ordinaire \u00bb d\u00e9velopp\u00e9 par \u00e0 d\u00e9voiler ce que Georges Perec. D\u00e9finissant ce qui, dans le quotidien, \u00e9chappe \u00e0 l\u2019attention, le projet s\u2019int\u00e9resse au glissement progressif de l\u2019espace public vers l\u2019espace virtuel, en analysant comment cette transition modifie nos comportements sociaux et gestuels. <\/p>\n<\/div>\n\n\n\n<div class=\"wp-block-column is-layout-flow wp-block-column-is-layout-flow\">\n<p class=\"has-medium-font-size\">L\u2019installation met en sc\u00e8ne un effet visuel d\u2019aspiration qui s\u2019intensifie \u00e0 mesure que l\u2019on s\u2019en approche, incarnant la force d\u2019attraction des interfaces num\u00e9riques, notamment des smartphones. Au centre de l\u2019\u0153uvre, une sculpture \u00e9voquant un t\u00e9l\u00e9phone projette un hologramme du spectateur, symbolisant l\u2019enfermement de l'\u00eatre dans le num\u00e9rique.<\/p>\n<\/div>\n<\/div>\n<\/div>\n<\/div>\n<\/div>\n\n\n\n<div style=\"height:10px\" aria-hidden=\"true\" class=\"wp-block-spacer\"><\/div>\n\n\n\n<div class=\"wp-block-group has-global-padding is-layout-constrained wp-container-core-group-is-layout-12243e0f wp-block-group-is-layout-constrained\">\n<div class=\"wp-block-columns is-layout-flex wp-container-core-columns-is-layout-977ceeb5 wp-block-columns-is-layout-flex\" style=\"margin-top:0;margin-bottom:0\">\n<div class=\"wp-block-column is-layout-flow wp-block-column-is-layout-flow\" style=\"flex-basis:66.6%\">\n<figure data-wp-context=\"{&quot;imageId&quot;:&quot;69d018cc7bd11&quot;}\" data-wp-interactive=\"core\/image\" data-wp-key=\"69d018cc7bd11\" class=\"wp-block-image size-full img-caption-project wp-lightbox-container\"><img loading=\"lazy\" decoding=\"async\" width=\"1607\" height=\"1072\" data-wp-class--hide=\"state.isContentHidden\" data-wp-class--show=\"state.isContentVisible\" data-wp-init=\"callbacks.setButtonStyles\" data-wp-on--click=\"actions.showLightbox\" data-wp-on--load=\"callbacks.setButtonStyles\" data-wp-on-window--resize=\"callbacks.setButtonStyles\" src=\"https:\/\/b-ak.com\/wp-content\/uploads\/2026\/01\/D-E-1.jpg\" alt=\"\" class=\"wp-image-1696\" srcset=\"https:\/\/b-ak.com\/wp-content\/uploads\/2026\/01\/D-E-1.jpg 1607w, https:\/\/b-ak.com\/wp-content\/uploads\/2026\/01\/D-E-1-300x200.jpg 300w, https:\/\/b-ak.com\/wp-content\/uploads\/2026\/01\/D-E-1-1024x683.jpg 1024w, https:\/\/b-ak.com\/wp-content\/uploads\/2026\/01\/D-E-1-768x512.jpg 768w, https:\/\/b-ak.com\/wp-content\/uploads\/2026\/01\/D-E-1-1536x1025.jpg 1536w, https:\/\/b-ak.com\/wp-content\/uploads\/2026\/01\/D-E-1-18x12.jpg 18w\" sizes=\"auto, (max-width: 1607px) 100vw, 1607px\" \/><button\n\t\t\tclass=\"lightbox-trigger\"\n\t\t\ttype=\"button\"\n\t\t\taria-haspopup=\"dialog\"\n\t\t\taria-label=\"Agrandir\"\n\t\t\tdata-wp-init=\"callbacks.initTriggerButton\"\n\t\t\tdata-wp-on--click=\"actions.showLightbox\"\n\t\t\tdata-wp-style--right=\"state.imageButtonRight\"\n\t\t\tdata-wp-style--top=\"state.imageButtonTop\"\n\t\t>\n\t\t\t<svg xmlns=\"http:\/\/www.w3.org\/2000\/svg\" width=\"12\" height=\"12\" fill=\"none\" viewbox=\"0 0 12 12\">\n\t\t\t\t<path fill=\"#fff\" d=\"M2 0a2 2 0 0 0-2 2v2h1.5V2a.5.5 0 0 1 .5-.5h2V0H2Zm2 10.5H2a.5.5 0 0 1-.5-.5V8H0v2a2 2 0 0 0 2 2h2v-1.5ZM8 12v-1.5h2a.5.5 0 0 0 .5-.5V8H12v2a2 2 0 0 1-2 2H8Zm2-12a2 2 0 0 1 2 2v2h-1.5V2a.5.5 0 0 0-.5-.5H8V0h2Z\" \/>\n\t\t\t<\/svg>\n\t\t<\/button><figcaption class=\"wp-element-caption\">Photo: Lars Noback<\/figcaption><\/figure>\n<\/div>\n\n\n\n<div class=\"wp-block-column is-layout-flow wp-block-column-is-layout-flow\" style=\"flex-basis:33.3%\">\n<hr class=\"wp-block-separator has-text-color has-custom-green-lines-color has-alpha-channel-opacity has-custom-green-lines-background-color has-background\"\/>\n\n\n\n<p style=\"font-style:normal;font-weight:500\">digital entrapment, WDKa<br>\u2014 Rotterdam, Netherlands (2015)<\/p>\n\n\n\n<hr class=\"wp-block-separator has-text-color has-custom-green-lines-color has-alpha-channel-opacity has-custom-green-lines-background-color has-background\"\/>\n<\/div>\n<\/div>\n\n\n\n<figure class=\"wp-block-embed is-type-video is-provider-youtube wp-block-embed-youtube wp-embed-aspect-16-9 wp-has-aspect-ratio\"><div class=\"wp-block-embed__wrapper\">\n<iframe loading=\"lazy\" title=\"Where Am I Now \/ Digital Entrapment\" width=\"500\" height=\"281\" src=\"https:\/\/www.youtube.com\/embed\/NrqozcMVFn4?feature=oembed\" frameborder=\"0\" allow=\"accelerometer; autoplay; clipboard-write; encrypted-media; gyroscope; picture-in-picture; web-share\" referrerpolicy=\"strict-origin-when-cross-origin\" allowfullscreen><\/iframe>\n<\/div><\/figure>\n\n\n\n<figure class=\"wp-block-embed is-type-video is-provider-youtube wp-block-embed-youtube wp-embed-aspect-16-9 wp-has-aspect-ratio\"><div class=\"wp-block-embed__wrapper\">\n<iframe loading=\"lazy\" title=\"User Experiences (Where Am I Now \/ DIGITAL ENTRAPMENT)\" width=\"500\" height=\"281\" src=\"https:\/\/www.youtube.com\/embed\/v-1jT0f3L_A?feature=oembed\" frameborder=\"0\" allow=\"accelerometer; autoplay; clipboard-write; encrypted-media; gyroscope; picture-in-picture; web-share\" referrerpolicy=\"strict-origin-when-cross-origin\" allowfullscreen><\/iframe>\n<\/div><\/figure>\n<\/div>\n\n\n\n<figure class=\"wp-block-image aligncenter size-full is-resized img-caption-project\"><img loading=\"lazy\" decoding=\"async\" width=\"800\" height=\"1333\" src=\"https:\/\/b-ak.com\/wp-content\/uploads\/2026\/01\/517JeiPN4dL._SL1333_.jpg\" alt=\"\" class=\"wp-image-1708\" style=\"aspect-ratio:0.75;object-fit:contain;width:400px;height:auto\" srcset=\"https:\/\/b-ak.com\/wp-content\/uploads\/2026\/01\/517JeiPN4dL._SL1333_.jpg 800w, https:\/\/b-ak.com\/wp-content\/uploads\/2026\/01\/517JeiPN4dL._SL1333_-180x300.jpg 180w, https:\/\/b-ak.com\/wp-content\/uploads\/2026\/01\/517JeiPN4dL._SL1333_-615x1024.jpg 615w, https:\/\/b-ak.com\/wp-content\/uploads\/2026\/01\/517JeiPN4dL._SL1333_-768x1280.jpg 768w, https:\/\/b-ak.com\/wp-content\/uploads\/2026\/01\/517JeiPN4dL._SL1333_-7x12.jpg 7w\" sizes=\"auto, (max-width: 800px) 100vw, 800px\" \/><figcaption class=\"wp-element-caption\">Perec, G. (1989). <em>L\u2019infra-ordinaire<\/em>. \u00c9ditions du Seuil.<\/figcaption><\/figure>\n<\/div>","protected":false},"excerpt":{"rendered":"<p>2015 UX design, sensory design, infra-ordinary ethnography, IoT, interactive installation, videomapping TeamBrice Ammar-KhodjaLars Noback Digital Entrapment \/ Where am I Now is a project rooted in ethnographic inquiry within Rotterdam, aiming to unravel Georges Perrec&#8217;s &#8216;infra-ordinary&#8217;\u2014the unnoticed in everyday life. The project focuses on the shift from public to virtual spaces such as smartphones, highlighting [&hellip;]<\/p>","protected":false},"author":1,"featured_media":0,"parent":9,"menu_order":0,"comment_status":"closed","ping_status":"closed","template":"","meta":{"_eb_attr":"","footnotes":""},"class_list":["post-1686","page","type-page","status-publish","hentry"],"_links":{"self":[{"href":"https:\/\/b-ak.com\/fr\/wp-json\/wp\/v2\/pages\/1686","targetHints":{"allow":["GET"]}}],"collection":[{"href":"https:\/\/b-ak.com\/fr\/wp-json\/wp\/v2\/pages"}],"about":[{"href":"https:\/\/b-ak.com\/fr\/wp-json\/wp\/v2\/types\/page"}],"author":[{"embeddable":true,"href":"https:\/\/b-ak.com\/fr\/wp-json\/wp\/v2\/users\/1"}],"replies":[{"embeddable":true,"href":"https:\/\/b-ak.com\/fr\/wp-json\/wp\/v2\/comments?post=1686"}],"version-history":[{"count":10,"href":"https:\/\/b-ak.com\/fr\/wp-json\/wp\/v2\/pages\/1686\/revisions"}],"predecessor-version":[{"id":1710,"href":"https:\/\/b-ak.com\/fr\/wp-json\/wp\/v2\/pages\/1686\/revisions\/1710"}],"up":[{"embeddable":true,"href":"https:\/\/b-ak.com\/fr\/wp-json\/wp\/v2\/pages\/9"}],"wp:attachment":[{"href":"https:\/\/b-ak.com\/fr\/wp-json\/wp\/v2\/media?parent=1686"}],"curies":[{"name":"wp","href":"https:\/\/api.w.org\/{rel}","templated":true}]}}